{"id":10655,"date":"2020-10-27T10:04:37","date_gmt":"2020-10-27T14:04:37","guid":{"rendered":"https:\/\/www.aclupa.org\/know-your-rights-polls\/"},"modified":"2020-10-27T09:45:00","modified_gmt":"2020-10-27T13:45:00","slug":"know-your-rights-polls","status":"publish","type":"page","link":"https:\/\/www.aclupa.org\/es\/know-your-rights-polls\/","title":{"rendered":"CONOZCA SUS DERECHOS COMO VOTANTE"},"content":{"rendered":"<p><span><span><span><span><span><span>El D\u00eda de la Elecci\u00f3n Primaria es el martes, <strong>5 de mayo de 2025<\/strong>. Los lugares de votaci\u00f3n estar\u00e1n abiertos desde las 7 a.m. - 8 p.m. Tiene derecho a votar si est\u00e1 en la fila a la hora de cerrar.&nbsp;<\/span><\/span><\/span><\/span><\/span><\/span><\/p>\n<h2><span><span><span><span><span><span>PREGUNTAS FRECUENTES<\/span><\/span><\/span><\/span><\/span><\/span><\/h2>\n<h3><span><span><span><span><span><span>\u00bfPuede ser desafiado mi derecho al voto?&nbsp;<\/span><\/span><\/span><\/span><\/span><\/span><\/h3>\n<p><span><span><span><span><span><span><span>Si, pero solo por ciertas razones y por ciertas personas. Un oficial electoral, observante electoral, o alg\u00fan otro votante pueden desafiar a otro votante si piensan que el votante no vive en el distrito electoral o no es la persona que el votante dice ser.&nbsp;<\/span><\/span><\/span><\/span><\/span><\/span><\/span><\/p>\n<p><span><span><span><span><span><span><span>El votante a\u00fan puede votar de manera normal firmando una declaraci\u00f3n jurada y proveyendo un testigo que de fe por \u00e9l o ella. Llame a la L\u00ednea Directa de Protecci\u00f3n al <\/span><\/span><\/span><\/span><\/span><\/span><\/span><span><span><span><span><span><span><span>866-OUR-VOTE (866-687-8683)<\/span><\/span><\/span><\/span><\/span><\/span><\/span><span><span><span><span><span><span><span> <\/span><\/span><\/span><\/span><\/span><\/span><\/span><span><span><span><span><span><span><span>si necesita asistencia.&nbsp;<\/span><\/span><\/span><\/span><\/span><\/span><\/span><\/p>\n<h3><span><span><span><span><span><span><span>\u00bfQui\u00e9n est\u00e1 permitido en un lugar de votaci\u00f3n?&nbsp;<\/span><\/span><\/span><\/span><\/span><\/span><\/span><\/h3>\n<p><span><span><span><span><span><span><span>Oficiales del distrito electoral, trabajadores, inspectores de las m\u00e1quinas, observantes, no m\u00e1s de 10 personas votando, personas brindando asistencia a los votantes de manera legal, y oficiales de la polic\u00eda votando o quienes han sido llamados al lugar de votaci\u00f3n para preservar la paz, y est\u00e1n permitidos dentro o a 10 pies del lugar de votaci\u00f3n mientras la elecci\u00f3n est\u00e1 en progreso. Todos los dem\u00e1s, incluyendo individuos repartiendo materiales de campa\u00f1a, deben mantenerse a, por lo menos, 10 pies de distancia.&nbsp;<\/span><\/span><\/span><\/span><\/span><\/span><\/span><\/p>\n<h3><span><span><span><span><span><span><span>\u00bfQu\u00e9 pasa si alguien trata de intimidarme o acosarme?&nbsp;<\/span><\/span><\/span><\/span><\/span><\/span><\/span><\/h3>\n<p><span><span><span><span><span><span><span>D\u00edgale a un oficial electoral lo m\u00e1s pronto posible. Llame a la oficina electoral de su condado o llame a la L\u00ednea Directa de Protecci\u00f3n Electoral al <\/span><\/span><\/span><\/span><\/span><\/span><\/span><span><span><span><span><span><span><span>866-OUR-VOTE (866-687-8683).&nbsp;<\/span><\/span><\/span><\/span><\/span><\/span><\/span><\/p>\n<h3><span><span><span><span><span><span><span>\u00bfQu\u00e9 pasa si no estoy en la lista de votantes?&nbsp;<\/span><\/span><\/span><\/span><\/span><\/span><\/span><\/h3>\n<p><span><span><span><span><span><span><span>Primero, solicite al oficial electoral que revise la lista nuevamente y que revise el libreto electoral suplementario de nuevo, la cual es una lista de cambios recientes en los rollos electorales. Ofrezca deletrear su nombre.&nbsp;<\/span><\/span><\/span><\/span><\/span><\/span><\/span><\/p>\n<p><span><span><span><span><span><span><span>Si el oficial electoral le dice que est\u00e1 en el lugar de votaci\u00f3n equivocado, pida ayuda para encontrar el lugar de votaci\u00f3n correcto. Tambi\u00e9n puede llamar a la oficina electoral de su condado y buscar su lugar de votaci\u00f3n en <a href=\"http:\/\/vote.pa.gov\" target=\"_blank\">vote.pa.gov<\/a>. Si cree que est\u00e1 en el lugar de votaci\u00f3n adecuado pero su nombre no est\u00e1 en la lista de votantes, pida un voto provisional.<\/span><\/span><\/span><\/span><\/span><\/span><\/span><\/p>\n<h3><span><span><span><span><span><span><span>\u00bfQue es un voto provisional?&nbsp;<\/span><\/span><\/span><\/span><\/span><\/span><\/span><\/h3>\n<p><span><span><span><span><span><span><span>Un voto provisional se utiliza para registrar su voto cuando hay preguntas sobre su elegibilidad para votar. Su voto provisional ser\u00e1 contado si los oficiales electorales determinan que usted es elegible para votar. Solamente debe usar un voto provisional si no tiene otra manera de votar.&nbsp;<\/span><\/span><\/span><\/span><\/span><\/span><\/span><\/p>\n<h3><span><span><span><span><span><span><span>\u00bfPuedo cambiar de opini\u00f3n acerca de votar por correo despu\u00e9s de haber presentado la solicitud?<\/span><\/span><\/span><\/span><\/span><\/span><\/span><\/h3>\n<p><span><span><span><span><span><span><span>S\u00ed. Traiga su papeleta electoral y el sobre de devoluci\u00f3n a su lugar de votaci\u00f3n el d\u00eda de las elecciones. Los trabajadores electorales lo van a cancelar y as\u00ed puede votar en persona. Si no tiene su papeleta electoral, tendr\u00e1 que votar usando un voto provisional. (Debe traer el paquete entero de voto por correo, incluyendo el sobre con su nombre.)<\/span><\/span><\/span><\/span><\/span><\/span><\/span><\/p>\n<h3><span><span><span><span><span><span><span>\u00bfQu\u00e9 pasa si la m\u00e1quina para votar no funciona?&nbsp;<\/span><\/span><\/span><\/span><\/span><\/span><\/span><\/h3>\n<p><span><span><span><span><span><span><span>Reporte todas las m\u00e1quinas que no sirvan al <\/span><\/span><\/span><\/span><\/span><\/span><\/span><span><span><span><span><span><span><span>866-OUR-VOTE (866-687-8683) y <\/span><\/span><\/span><\/span><\/span><\/span><\/span><span><span><span><span><span><span><span>a la oficina electoral de su condado. Si la mitad o m\u00e1s de las m\u00e1quinas para votar no est\u00e1n funcionando, los oficiales electorales le deben permitir votar con una papeleta de papel que se llama voto de papel de emergencia.&nbsp;<\/span><\/span><\/span><\/span><\/span><\/span><\/span><\/p>\n<h3><span><span><span><span><span><span><span>\u00bfNecesito alg\u00fan tipo de identificaci\u00f3n para votar?&nbsp;<\/span><\/span><\/span><\/span><\/span><\/span><\/span><\/h3>\n<p><span><span><span><span><span><span><span>Solo votantes que est\u00e1n votando por primera vez en su distrito electoral necesitan mostrar identificaci\u00f3n. Identificaciones aceptables incluyen con foto y sin foto. Las identificaciones sin foto deben tener su direcci\u00f3n.&nbsp;<\/span><\/span><\/span><\/span><\/span><\/span><\/span><\/p>\n<p><span><span><span><span><span><span><span>Para preguntas o asistencia relacionada con votar, antes de o el d\u00eda de la elecci\u00f3n, contacte a la L\u00ednea Directa de Protecci\u00f3n Electoral al <\/span><\/span><\/span><\/span><\/span><\/span><\/span><span><span><span><span><span><span><span><strong>866-OUR-VOTE (866-687-8683)<\/strong>.<\/span><\/span><\/span><\/span><\/span><\/span><\/span><\/p>\n<p>&nbsp;<\/p>\n","protected":false},"excerpt":{"rendered":"<p>El D\u00eda de la Elecci\u00f3n Primaria es el martes, 5 de mayo de 2025. Los lugares de votaci\u00f3n estar\u00e1n abiertos desde las 7 a.m. - 8 p.m. Tiene derecho a votar si est\u00e1 en la fila a la hora de cerrar.&nbsp; PREGUNTAS FRECUENTES \u00bfPuede ser desafiado mi derecho al voto?&nbsp; Si, pero solo por ciertas [&hellip;]<\/p>\n","protected":false},"author":4,"featured_media":0,"parent":0,"menu_order":0,"comment_status":"closed","ping_status":"closed","template":"","meta":{"_acf_changed":false,"_relevanssi_hide_post":"","_relevanssi_hide_content":"","_relevanssi_pin_for_all":"","_relevanssi_pin_keywords":"","_relevanssi_unpin_keywords":"","_relevanssi_related_keywords":"","_relevanssi_related_include_ids":"","_relevanssi_related_exclude_ids":"","_relevanssi_related_no_append":"","_relevanssi_related_not_related":"","_relevanssi_related_posts":"","_relevanssi_noindex_reason":"","footnotes":""},"class_list":["post-10655","page","type-page","status-publish","hentry"],"acf":{"layout":"default","header-group":{"header-description":"","show-subnav":false,"hide-from-subnav":false},"components":[{"acf_fc_layout":"text","text":{"text":"El D\u00eda de la Elecci\u00f3n Primaria es el martes, <strong>5 de mayo de 2025<\/strong>. Los lugares de votaci\u00f3n estar\u00e1n abiertos desde las 7 a.m. - 8 p.m. Tiene derecho a votar si est\u00e1 en la fila a la hora de cerrar. "}},{"acf_fc_layout":"heading","heading":{"":null,"text":"PREGUNTAS FRECUENTES","anchor":"","sub-heading":"","type":"h2","heading-style":"standard"}},{"acf_fc_layout":"heading","heading":{"":null,"text":"\u00bfPuede ser desafiado mi derecho al voto?\u00a0","anchor":"","sub-heading":"","type":"h3","heading-style":"standard"}},{"acf_fc_layout":"text","text":{"text":"Si, pero solo por ciertas razones y por ciertas personas. Un oficial electoral, observante electoral, o alg\u00fan otro votante pueden desafiar a otro votante si piensan que el votante no vive en el distrito electoral o no es la persona que el votante dice ser. \n\nEl votante a\u00fan puede votar de manera normal firmando una declaraci\u00f3n jurada y proveyendo un testigo que de fe por \u00e9l o ella. Llame a la L\u00ednea Directa de Protecci\u00f3n al 866-OUR-VOTE (866-687-8683) si necesita asistencia. "}},{"acf_fc_layout":"heading","heading":{"":null,"text":"\u00bfQui\u00e9n est\u00e1 permitido en un lugar de votaci\u00f3n?\u00a0","anchor":"","sub-heading":"","type":"h3","heading-style":"standard"}},{"acf_fc_layout":"text","text":{"text":"Oficiales del distrito electoral, trabajadores, inspectores de las m\u00e1quinas, observantes, no m\u00e1s de 10 personas votando, personas brindando asistencia a los votantes de manera legal, y oficiales de la polic\u00eda votando o quienes han sido llamados al lugar de votaci\u00f3n para preservar la paz, y est\u00e1n permitidos dentro o a 10 pies del lugar de votaci\u00f3n mientras la elecci\u00f3n est\u00e1 en progreso. Todos los dem\u00e1s, incluyendo individuos repartiendo materiales de campa\u00f1a, deben mantenerse a, por lo menos, 10 pies de distancia. "}},{"acf_fc_layout":"heading","heading":{"":null,"text":"\u00bfQu\u00e9 pasa si alguien trata de intimidarme o acosarme?\u00a0","anchor":"","sub-heading":"","type":"h3","heading-style":"standard"}},{"acf_fc_layout":"text","text":{"text":"D\u00edgale a un oficial electoral lo m\u00e1s pronto posible. Llame a la oficina electoral de su condado o llame a la L\u00ednea Directa de Protecci\u00f3n Electoral al 866-OUR-VOTE (866-687-8683). "}},{"acf_fc_layout":"heading","heading":{"":null,"text":"\u00bfQu\u00e9 pasa si no estoy en la lista de votantes?\u00a0","anchor":"","sub-heading":"","type":"h3","heading-style":"standard"}},{"acf_fc_layout":"text","text":{"text":"Primero, solicite al oficial electoral que revise la lista nuevamente y que revise el libreto electoral suplementario de nuevo, la cual es una lista de cambios recientes en los rollos electorales. Ofrezca deletrear su nombre. \n\nSi el oficial electoral le dice que est\u00e1 en el lugar de votaci\u00f3n equivocado, pida ayuda para encontrar el lugar de votaci\u00f3n correcto. Tambi\u00e9n puede llamar a la oficina electoral de su condado y buscar su lugar de votaci\u00f3n en <a href=\"http:\/\/vote.pa.gov\" target=\"_blank\">vote.pa.gov<\/a>. Si cree que est\u00e1 en el lugar de votaci\u00f3n adecuado pero su nombre no est\u00e1 en la lista de votantes, pida un voto provisional."}},{"acf_fc_layout":"heading","heading":{"":null,"text":"\u00bfQue es un voto provisional?\u00a0","anchor":"","sub-heading":"","type":"h3","heading-style":"standard"}},{"acf_fc_layout":"text","text":{"text":"Un voto provisional se utiliza para registrar su voto cuando hay preguntas sobre su elegibilidad para votar. Su voto provisional ser\u00e1 contado si los oficiales electorales determinan que usted es elegible para votar. Solamente debe usar un voto provisional si no tiene otra manera de votar. "}},{"acf_fc_layout":"heading","heading":{"":null,"text":"\u00bfPuedo cambiar de opini\u00f3n acerca de votar por correo despu\u00e9s de haber presentado la solicitud?","anchor":"","sub-heading":"","type":"h3","heading-style":"standard"}},{"acf_fc_layout":"text","text":{"text":"S\u00ed. Traiga su papeleta electoral y el sobre de devoluci\u00f3n a su lugar de votaci\u00f3n el d\u00eda de las elecciones. Los trabajadores electorales lo van a cancelar y as\u00ed puede votar en persona. Si no tiene su papeleta electoral, tendr\u00e1 que votar usando un voto provisional. (Debe traer el paquete entero de voto por correo, incluyendo el sobre con su nombre.)"}},{"acf_fc_layout":"heading","heading":{"":null,"text":"\u00bfQu\u00e9 pasa si la m\u00e1quina para votar no funciona?\u00a0","anchor":"","sub-heading":"","type":"h3","heading-style":"standard"}},{"acf_fc_layout":"text","text":{"text":"Reporte todas las m\u00e1quinas que no sirvan al 866-OUR-VOTE (866-687-8683) y a la oficina electoral de su condado. Si la mitad o m\u00e1s de las m\u00e1quinas para votar no est\u00e1n funcionando, los oficiales electorales le deben permitir votar con una papeleta de papel que se llama voto de papel de emergencia. "}},{"acf_fc_layout":"heading","heading":{"":null,"text":"\u00bfNecesito alg\u00fan tipo de identificaci\u00f3n para votar?\u00a0","anchor":"","sub-heading":"","type":"h3","heading-style":"standard"}},{"acf_fc_layout":"text","text":{"text":"Solo votantes que est\u00e1n votando por primera vez en su distrito electoral necesitan mostrar identificaci\u00f3n. Identificaciones aceptables incluyen con foto y sin foto. Las identificaciones sin foto deben tener su direcci\u00f3n. \n\nPara preguntas o asistencia relacionada con votar, antes de o el d\u00eda de la elecci\u00f3n, contacte a la L\u00ednea Directa de Protecci\u00f3n Electoral al <strong>866-OUR-VOTE (866-687-8683)<\/strong>.\n\n "}}],"section":null,"issues":[6289,6289],"related_content":[6427,6427,10102,10101,10101,10099,10099,8966,8900],"documents":null},"yoast_head":"<!-- This site is optimized with the Yoast SEO plugin v24.9 - https:\/\/yoast.com\/wordpress\/plugins\/seo\/ -->\n<title>CONOZCA SUS DERECHOS COMO VOTANTE - ACLU of Pennsylvania<\/title>\n<meta name=\"robots\" content=\"index, follow, max-snippet:-1, max-image-preview:large, max-video-preview:-1\" \/>\n<link rel=\"canonical\" href=\"http:\/\/www.aclupa.org\/es\/know-your-rights-polls\/\" \/>\n<meta property=\"og:locale\" content=\"es_ES\" \/>\n<meta property=\"og:type\" content=\"article\" \/>\n<meta property=\"og:title\" content=\"CONOZCA SUS DERECHOS COMO VOTANTE - ACLU of Pennsylvania\" \/>\n<meta property=\"og:description\" content=\"El D\u00eda de la Elecci\u00f3n Primaria es el martes, 5 de mayo de 2025. Los lugares de votaci\u00f3n estar\u00e1n abiertos desde las 7 a.m. - 8 p.m. Tiene derecho a votar si est\u00e1 en la fila a la hora de cerrar.&nbsp; PREGUNTAS FRECUENTES \u00bfPuede ser desafiado mi derecho al voto?&nbsp; Si, pero solo por ciertas [&hellip;]\" \/>\n<meta property=\"og:url\" content=\"https:\/\/www.aclupa.org\/es\/know-your-rights-polls\/\" \/>\n<meta property=\"og:site_name\" content=\"ACLU of Pennsylvania\" \/>\n<meta property=\"og:image\" content=\"https:\/\/www.aclupa.org\/app\/themes\/aclu-parent\/img\/default_fb_share.jpg\" \/>\n<meta name=\"twitter:card\" content=\"summary_large_image\" \/>\n<script type=\"application\/ld+json\" class=\"yoast-schema-graph\">{\"@context\":\"https:\/\/schema.org\",\"@graph\":[{\"@type\":\"WebPage\",\"@id\":\"http:\/\/www.aclupa.org\/es\/know-your-rights-polls\/\",\"url\":\"http:\/\/www.aclupa.org\/es\/know-your-rights-polls\/\",\"name\":\"CONOZCA SUS DERECHOS COMO VOTANTE - ACLU of Pennsylvania\",\"isPartOf\":{\"@id\":\"https:\/\/www.aclupa.org\/#website\"},\"datePublished\":\"2020-10-27T14:04:37+00:00\",\"inLanguage\":\"es-ES\",\"potentialAction\":[{\"@type\":\"ReadAction\",\"target\":[\"http:\/\/www.aclupa.org\/es\/know-your-rights-polls\/\"]}]},{\"@type\":\"WebSite\",\"@id\":\"https:\/\/www.aclupa.org\/#website\",\"url\":\"https:\/\/www.aclupa.org\/\",\"name\":\"ACLU of Pennsylvania\",\"description\":\"\",\"publisher\":{\"@id\":\"https:\/\/www.aclupa.org\/#organization\"},\"potentialAction\":[{\"@type\":\"SearchAction\",\"target\":{\"@type\":\"EntryPoint\",\"urlTemplate\":\"https:\/\/www.aclupa.org\/?s={search_term_string}\"},\"query-input\":{\"@type\":\"PropertyValueSpecification\",\"valueRequired\":true,\"valueName\":\"search_term_string\"}}],\"inLanguage\":\"es-ES\"},{\"@type\":\"Organization\",\"@id\":\"https:\/\/www.aclupa.org\/#organization\",\"name\":\"ACLU of Pennsylvania\",\"url\":\"https:\/\/www.aclupa.org\/\",\"logo\":{\"@type\":\"ImageObject\",\"inLanguage\":\"es-ES\",\"@id\":\"https:\/\/www.aclupa.org\/#\/schema\/logo\/image\/\",\"url\":\"https:\/\/www.aclupa.org\/app\/uploads\/2025\/08\/ACLU_Pennsylvania_Moblie-Web_Color_RGB.png\",\"contentUrl\":\"https:\/\/www.aclupa.org\/app\/uploads\/2025\/08\/ACLU_Pennsylvania_Moblie-Web_Color_RGB.png\",\"width\":2084,\"height\":2084,\"caption\":\"ACLU of Pennsylvania\"},\"image\":{\"@id\":\"https:\/\/www.aclupa.org\/#\/schema\/logo\/image\/\"}}]}<\/script>\n<!-- \/ Yoast SEO plugin. -->","yoast_head_json":{"title":"CONOZCA SUS DERECHOS COMO VOTANTE - ACLU of Pennsylvania","robots":{"index":"index","follow":"follow","max-snippet":"max-snippet:-1","max-image-preview":"max-image-preview:large","max-video-preview":"max-video-preview:-1"},"canonical":"http:\/\/www.aclupa.org\/es\/know-your-rights-polls\/","og_locale":"es_ES","og_type":"article","og_title":"CONOZCA SUS DERECHOS COMO VOTANTE - ACLU of Pennsylvania","og_description":"El D\u00eda de la Elecci\u00f3n Primaria es el martes, 5 de mayo de 2025. Los lugares de votaci\u00f3n estar\u00e1n abiertos desde las 7 a.m. - 8 p.m. Tiene derecho a votar si est\u00e1 en la fila a la hora de cerrar.&nbsp; PREGUNTAS FRECUENTES \u00bfPuede ser desafiado mi derecho al voto?&nbsp; Si, pero solo por ciertas [&hellip;]","og_url":"https:\/\/www.aclupa.org\/es\/know-your-rights-polls\/","og_site_name":"ACLU of Pennsylvania","og_image":[{"url":"https:\/\/www.aclupa.org\/app\/themes\/aclu-parent\/img\/default_fb_share.jpg","type":"","width":"","height":""}],"twitter_card":"summary_large_image","schema":{"@context":"https:\/\/schema.org","@graph":[{"@type":"WebPage","@id":"http:\/\/www.aclupa.org\/es\/know-your-rights-polls\/","url":"http:\/\/www.aclupa.org\/es\/know-your-rights-polls\/","name":"CONOZCA SUS DERECHOS COMO VOTANTE - ACLU of Pennsylvania","isPartOf":{"@id":"https:\/\/www.aclupa.org\/#website"},"datePublished":"2020-10-27T14:04:37+00:00","inLanguage":"es-ES","potentialAction":[{"@type":"ReadAction","target":["http:\/\/www.aclupa.org\/es\/know-your-rights-polls\/"]}]},{"@type":"WebSite","@id":"https:\/\/www.aclupa.org\/#website","url":"https:\/\/www.aclupa.org\/","name":"ACLU of Pennsylvania","description":"","publisher":{"@id":"https:\/\/www.aclupa.org\/#organization"},"potentialAction":[{"@type":"SearchAction","target":{"@type":"EntryPoint","urlTemplate":"https:\/\/www.aclupa.org\/?s={search_term_string}"},"query-input":{"@type":"PropertyValueSpecification","valueRequired":true,"valueName":"search_term_string"}}],"inLanguage":"es-ES"},{"@type":"Organization","@id":"https:\/\/www.aclupa.org\/#organization","name":"ACLU of Pennsylvania","url":"https:\/\/www.aclupa.org\/","logo":{"@type":"ImageObject","inLanguage":"es-ES","@id":"https:\/\/www.aclupa.org\/#\/schema\/logo\/image\/","url":"https:\/\/www.aclupa.org\/app\/uploads\/2025\/08\/ACLU_Pennsylvania_Moblie-Web_Color_RGB.png","contentUrl":"https:\/\/www.aclupa.org\/app\/uploads\/2025\/08\/ACLU_Pennsylvania_Moblie-Web_Color_RGB.png","width":2084,"height":2084,"caption":"ACLU of Pennsylvania"},"image":{"@id":"https:\/\/www.aclupa.org\/#\/schema\/logo\/image\/"}}]}},"distributor_meta":false,"distributor_terms":false,"distributor_media":false,"distributor_original_site_name":"ACLU of Pennsylvania","distributor_original_site_url":"https:\/\/www.aclupa.org\/es\/","push-errors":false,"_links":{"self":[{"href":"https:\/\/www.aclupa.org\/es\/wp-json\/wp\/v2\/pages\/10655","targetHints":{"allow":["GET"]}}],"collection":[{"href":"https:\/\/www.aclupa.org\/es\/wp-json\/wp\/v2\/pages"}],"about":[{"href":"https:\/\/www.aclupa.org\/es\/wp-json\/wp\/v2\/types\/page"}],"author":[{"embeddable":true,"href":"https:\/\/www.aclupa.org\/es\/wp-json\/wp\/v2\/users\/4"}],"replies":[{"embeddable":true,"href":"https:\/\/www.aclupa.org\/es\/wp-json\/wp\/v2\/comments?post=10655"}],"version-history":[{"count":0,"href":"https:\/\/www.aclupa.org\/es\/wp-json\/wp\/v2\/pages\/10655\/revisions"}],"acf:post":[{"embeddable":true,"href":"https:\/\/www.aclupa.org\/es\/wp-json\/wp\/v2\/press_release\/8900"},{"embeddable":true,"href":"https:\/\/www.aclupa.org\/es\/wp-json\/wp\/v2\/press_release\/8966"},{"embeddable":true,"href":"https:\/\/www.aclupa.org\/es\/wp-json\/wp\/v2\/posts\/10099"},{"embeddable":true,"href":"https:\/\/www.aclupa.org\/es\/wp-json\/wp\/v2\/posts\/10101"},{"embeddable":true,"href":"https:\/\/www.aclupa.org\/es\/wp-json\/wp\/v2\/posts\/10102"},{"embeddable":true,"href":"https:\/\/www.aclupa.org\/es\/wp-json\/wp\/v2\/kyr\/6427"},{"embeddable":true,"href":"https:\/\/www.aclupa.org\/es\/wp-json\/wp\/v2\/issue\/6289"}],"wp:attachment":[{"href":"https:\/\/www.aclupa.org\/es\/wp-json\/wp\/v2\/media?parent=10655"}],"curies":[{"name":"wp","href":"https:\/\/api.w.org\/{rel}","templated":true}]}}